{"id":123,"date":"2019-09-20T22:07:41","date_gmt":"2019-09-20T22:07:41","guid":{"rendered":"http:\/\/192.168.64.3\/?page_id=123"},"modified":"2023-07-21T10:16:12","modified_gmt":"2023-07-21T10:16:12","slug":"kompozcja","status":"publish","type":"page","link":"https:\/\/rbmusic.pl\/?page_id=123","title":{"rendered":"Kompozycja"},"content":{"rendered":"\t\t<div data-elementor-type=\"wp-page\" data-elementor-id=\"123\" class=\"elementor elementor-123\">\n\t\t\t\t\t\t<section class=\"elementor-section elementor-top-section elementor-element elementor-element-6aaf3a5 elementor-section-full_width elementor-section-height-min-height elementor-section-height-default elementor-section-items-middle\" data-id=\"6aaf3a5\" data-element_type=\"section\" data-e-type=\"section\" data-settings=\"{&quot;background_background&quot;:&quot;classic&quot;}\">\n\t\t\t\t\t\t<div class=\"elementor-container elementor-column-gap-default\">\n\t\t\t\t\t<div class=\"elementor-column elementor-col-100 elementor-top-column elementor-element elementor-element-684f61b\" data-id=\"684f61b\" data-element_type=\"column\" data-e-type=\"column\">\n\t\t\t<div class=\"elementor-widget-wrap elementor-element-populated\">\n\t\t\t\t\t\t<section class=\"elementor-section elementor-inner-section elementor-element elementor-element-5fe482b elementor-section-full_width elementor-section-height-default elementor-section-height-default\" data-id=\"5fe482b\" data-element_type=\"section\" data-e-type=\"section\">\n\t\t\t\t\t\t<div class=\"elementor-container elementor-column-gap-default\">\n\t\t\t\t\t<div class=\"elementor-column elementor-col-50 elementor-inner-column elementor-element elementor-element-bea4c51\" data-id=\"bea4c51\" data-element_type=\"column\" data-e-type=\"column\" data-settings=\"{&quot;background_background&quot;:&quot;classic&quot;}\">\n\t\t\t<div class=\"elementor-widget-wrap elementor-element-populated\">\n\t\t\t\t\t\t<div class=\"elementor-element elementor-element-20c3438 elementor-widget elementor-widget-heading\" data-id=\"20c3438\" data-element_type=\"widget\" data-e-type=\"widget\" data-widget_type=\"heading.default\">\n\t\t\t\t<div class=\"elementor-widget-container\">\n\t\t\t\t\t<h2 class=\"elementor-heading-title elementor-size-default\"> - Kompozycja -<\/h2>\t\t\t\t<\/div>\n\t\t\t\t<\/div>\n\t\t\t\t<div class=\"elementor-element elementor-element-9693821 elementor-widget elementor-widget-text-editor\" data-id=\"9693821\" data-element_type=\"widget\" data-e-type=\"widget\" data-widget_type=\"text-editor.default\">\n\t\t\t\t<div class=\"elementor-widget-container\">\n\t\t\t\t\t\t\t\t\t<p>Komponuje muzyk\u0119 na zam\u00f3wienie oraz z artystycznej potrzeby kreacji. W moim dorobku znajduj\u0105 si\u0119 zar\u00f3wno utwory autorskie, wp\u00f3\u0142autorskie jak i dzie\u0142a przy kt\u00f3rych tworzeniu pomaga\u0142em lub podpowiada\u0142em dziel\u0105c si\u0119 swoimi spostrze\u017ceniami s\u0142uchowymi. Je\u015bli chcesz popracowa\u0107 nad swoj\u0105 kompozycj\u0105, doda\u0107 jej barwy, sprawi\u0107 \u017ceby wybrzmia\u0142a zgodnie z wizj\u0105 &#8211; napisz lub zadzwo\u0144. Prze\u015blij pilotowe nagranie, zarejestrowane domowym sposobem, telefonem lub dyktafonem. Pos\u0142ucham i dam zna\u0107 co mo\u017cna z nim zrobi\u0107.<\/p>\t\t\t\t\t\t\t\t<\/div>\n\t\t\t\t<\/div>\n\t\t\t\t\t<\/div>\n\t\t<\/div>\n\t\t\t\t<div class=\"elementor-column elementor-col-50 elementor-inner-column elementor-element elementor-element-4531a6c\" data-id=\"4531a6c\" data-element_type=\"column\" data-e-type=\"column\">\n\t\t\t<div class=\"elementor-widget-wrap elementor-element-populated\">\n\t\t\t\t\t\t<div class=\"elementor-element elementor-element-be1b660 elementor-widget elementor-widget-image\" data-id=\"be1b660\" data-element_type=\"widget\" data-e-type=\"widget\" data-widget_type=\"image.default\">\n\t\t\t\t<div class=\"elementor-widget-container\">\n\t\t\t\t\t\t\t\t\t\t\t\t\t\t\t<img fetchpriority=\"high\" decoding=\"async\" width=\"1193\" height=\"594\" src=\"https:\/\/rbmusic.pl\/wp-content\/uploads\/2023\/02\/20220915_160253.jpg\" class=\"attachment-1536x1536 size-1536x1536 wp-image-973\" alt=\"\" srcset=\"https:\/\/rbmusic.pl\/wp-content\/uploads\/2023\/02\/20220915_160253.jpg 1193w, https:\/\/rbmusic.pl\/wp-content\/uploads\/2023\/02\/20220915_160253-300x149.jpg 300w, https:\/\/rbmusic.pl\/wp-content\/uploads\/2023\/02\/20220915_160253-1024x510.jpg 1024w, https:\/\/rbmusic.pl\/wp-content\/uploads\/2023\/02\/20220915_160253-768x382.jpg 768w, https:\/\/rbmusic.pl\/wp-content\/uploads\/2023\/02\/20220915_160253-700x349.jpg 700w, https:\/\/rbmusic.pl\/wp-content\/uploads\/2023\/02\/20220915_160253-520x259.jpg 520w, https:\/\/rbmusic.pl\/wp-content\/uploads\/2023\/02\/20220915_160253-360x179.jpg 360w, https:\/\/rbmusic.pl\/wp-content\/uploads\/2023\/02\/20220915_160253-250x124.jpg 250w, https:\/\/rbmusic.pl\/wp-content\/uploads\/2023\/02\/20220915_160253-100x50.jpg 100w\" sizes=\"(max-width: 1193px) 100vw, 1193px\" \/>\t\t\t\t\t\t\t\t\t\t\t\t\t\t\t<\/div>\n\t\t\t\t<\/div>\n\t\t\t\t\t<\/div>\n\t\t<\/div>\n\t\t\t\t\t<\/div>\n\t\t<\/section>\n\t\t\t\t\t<\/div>\n\t\t<\/div>\n\t\t\t\t\t<\/div>\n\t\t<\/section>\n\t\t\t\t<\/div>\n\t\t","protected":false},"excerpt":{"rendered":"<p> [&hellip;]<\/p>\n","protected":false},"author":3,"featured_media":0,"parent":0,"menu_order":0,"comment_status":"closed","ping_status":"closed","template":"elementor_header_footer","meta":{"footnotes":""},"class_list":["post-123","page","type-page","status-publish","hentry","clearfix"],"aioseo_notices":[],"_links":{"self":[{"href":"https:\/\/rbmusic.pl\/index.php?rest_route=\/wp\/v2\/pages\/123","targetHints":{"allow":["GET"]}}],"collection":[{"href":"https:\/\/rbmusic.pl\/index.php?rest_route=\/wp\/v2\/pages"}],"about":[{"href":"https:\/\/rbmusic.pl\/index.php?rest_route=\/wp\/v2\/types\/page"}],"author":[{"embeddable":true,"href":"https:\/\/rbmusic.pl\/index.php?rest_route=\/wp\/v2\/users\/3"}],"replies":[{"embeddable":true,"href":"https:\/\/rbmusic.pl\/index.php?rest_route=%2Fwp%2Fv2%2Fcomments&post=123"}],"version-history":[{"count":0,"href":"https:\/\/rbmusic.pl\/index.php?rest_route=\/wp\/v2\/pages\/123\/revisions"}],"wp:attachment":[{"href":"https:\/\/rbmusic.pl\/index.php?rest_route=%2Fwp%2Fv2%2Fmedia&parent=123"}],"curies":[{"name":"wp","href":"https:\/\/api.w.org\/{rel}","templated":true}]}}