{"id":1393,"date":"2023-03-15T23:33:31","date_gmt":"2023-03-15T23:33:31","guid":{"rendered":"http:\/\/www.rbmusic.pl\/?page_id=1393"},"modified":"2023-03-16T00:15:09","modified_gmt":"2023-03-16T00:15:09","slug":"muzyka-reklamowa","status":"publish","type":"page","link":"https:\/\/rbmusic.pl\/?page_id=1393","title":{"rendered":"Muzyka reklamowa"},"content":{"rendered":"\t\t<div data-elementor-type=\"wp-page\" data-elementor-id=\"1393\" class=\"elementor elementor-1393\">\n\t\t\t\t\t\t<section class=\"elementor-section elementor-top-section elementor-element elementor-element-39bce4e elementor-section-full_width elementor-section-height-min-height elementor-section-height-default elementor-section-items-middle\" data-id=\"39bce4e\" data-element_type=\"section\" data-e-type=\"section\" data-settings=\"{&quot;background_background&quot;:&quot;classic&quot;}\">\n\t\t\t\t\t\t<div class=\"elementor-container elementor-column-gap-default\">\n\t\t\t\t\t<div class=\"elementor-column elementor-col-100 elementor-top-column elementor-element elementor-element-a63541f\" data-id=\"a63541f\" data-element_type=\"column\" data-e-type=\"column\">\n\t\t\t<div class=\"elementor-widget-wrap elementor-element-populated\">\n\t\t\t\t\t\t<section class=\"elementor-section elementor-inner-section elementor-element elementor-element-8a6bc82 elementor-section-full_width elementor-section-height-default elementor-section-height-default\" data-id=\"8a6bc82\" data-element_type=\"section\" data-e-type=\"section\">\n\t\t\t\t\t\t<div class=\"elementor-container elementor-column-gap-default\">\n\t\t\t\t\t<div class=\"elementor-column elementor-col-50 elementor-inner-column elementor-element elementor-element-181abab\" data-id=\"181abab\" data-element_type=\"column\" data-e-type=\"column\">\n\t\t\t<div class=\"elementor-widget-wrap elementor-element-populated\">\n\t\t\t\t\t\t<div class=\"elementor-element elementor-element-2b5fbf9 elementor-widget elementor-widget-text-editor\" data-id=\"2b5fbf9\" data-element_type=\"widget\" data-e-type=\"widget\" data-widget_type=\"text-editor.default\">\n\t\t\t\t<div class=\"elementor-widget-container\">\n\t\t\t\t\t\t\t\t\t<p>\u00a0<article id=\"arbitrary-instance-69fa3f38cccff\" class=\"iron_widget_radio playlist_enabled\"><span class='heading-t3'><\/span><h3 class=\"widgettitle\">Muzyka reklamowa<\/h3><div class=\"iron-audioplayer  show-playlist srp_hide_player playlist_has_no_ctas skin_floated\" id=\"arbitrary-instance-69fa3f38cccff-dcb631bbca\" data-id=\"arbitrary-instance-69fa3f38cccff\" data-track-sw-cursor=\"\" data-lazyload=\"\" data-albums=\"1355\" data-category=\"\" data-url-playlist=\"https:\/\/rbmusic.pl\/?load=playlist.json&#038;title=Muzyka%20reklamowa&#038;albums=1355&#038;category=&#038;posts_not_in=&#038;category_not_in=&#038;author=&#038;feed_title=&#038;feed=&#038;feed_img=&#038;el_widget_id=&#038;artwork=&#038;posts_per_pages=-1&#038;all_category=&#038;single_playlist=&#038;reverse_tracklist=&#038;audio_meta_field=&#038;repeater_meta_field=&#038;import_file=&#038;rss_items=-1&#038;rss_item_title=&#038;is_favorite=&#038;is_recentlyplayed=&#038;srp_order=date_DESC\" data-sticky-player=\"0\" data-shuffle=\"false\" data-playlist_title=\"\" data-scrollbar=\"\" data-wave-color=\"\" data-wave-progress-color=\"\" data-spectro=\"\" data-no-wave=\"1\" data-hide-progressbar=\"\" data-progress-bar-style=\"\"data-feedurl=\"0\" data-notrackskip=\"\" data-no-loop-tracklist=\"\" data-playertemplate =\"skin_float_tracklist\" data-hide-artwork =\"\" data-speedrate=\"1\"  data-tracks-per-page=\"\" data-pagination_scroll_offset=\"\" data-adaptive-colors=\"\" data-adaptive-colors-freeze=\"\" style=\"opacity:0;\"><div class=\"sonaar-grid\" ><div class=\"sonaar-Artwort-box \">\n                <div class=\"control\">\n                    \n                <\/div>\n                <div class=\"album\">\n                    <div class=\"album-art\">\n                        <img alt=\"album-art\">\n                    <\/div>\n                <\/div>\n                <\/div><div class=\"playlist sr_waveform_mediaElement\"  id=\"playlist_arbitrary-instance-69fa3f38cccff\"><h3 class=\"sr_it-playlist-title\"><\/h3><div class=\"srp_subtitle\">Tematy Reklamowe<\/div><div class=\"srp_tracklist\"><ul class=\"srp_list\"><li \n            class=\"sr-playlist-item\" \n            data-audiopath=\"https:\/\/rbmusic.pl\/wp-content\/uploads\/2023\/03\/Spicy.mp3\"\n            data-showloading=\"1\"\n            data-albumTitle=\"Muzyka reklamowa\"\n            data-albumArt=\"https:\/\/rbmusic.pl\/wp-content\/uploads\/2023\/03\/RBMUSIC_LOGO_WAVE_NAVY_BLUE_BACKGROUND.jpg\"\n            data-releasedate=\"Tematy Reklamowe\"\n            data-date=\"2023\/03\/15\"\n            data-date-formated=\"15 marca, 2023\"\n            data-show-date=\"\"\n            data-trackTitle=\"Spicy\"\n            data-artist=\"\"\n            data-trackID=\"1367\"\n            data-trackTime=\"0:31\"\n            data-relatedTrack=\"\"\n            data-post-url=\"\"\n            data-post-id=\"1355\"\n            data-track-pos=\"0\"\n            data-peakFile=\"https:\/\/rbmusic.pl\/wp-content\/uploads\/audio_peaks\/1367.peak\"\n            data-peakFile-allow=\"1\"\n            data-is-preview=\"\"\n            data-track-lyric=\"\" data-icecast_json=\"\" data-icecast_mount=\"\"><div class=\"sr-playlist-item-flex\"><span class=\"store-list\"><\/span><\/div><div class=\"srp_track_description\"><\/div><\/li><li \n            class=\"sr-playlist-item\" \n            data-audiopath=\"https:\/\/rbmusic.pl\/wp-content\/uploads\/2023\/03\/Me-the-Spy.mp3\"\n            data-showloading=\"1\"\n            data-albumTitle=\"Muzyka reklamowa\"\n            data-albumArt=\"https:\/\/rbmusic.pl\/wp-content\/uploads\/2023\/03\/RBMUSIC_LOGO_WAVE_NAVY_BLUE_BACKGROUND.jpg\"\n            data-releasedate=\"Tematy Reklamowe\"\n            data-date=\"2023\/03\/15\"\n            data-date-formated=\"15 marca, 2023\"\n            data-show-date=\"\"\n            data-trackTitle=\"Me-the-Spy\"\n            data-artist=\"\"\n            data-trackID=\"1366\"\n            data-trackTime=\"0:30\"\n            data-relatedTrack=\"\"\n            data-post-url=\"\"\n            data-post-id=\"1355\"\n            data-track-pos=\"1\"\n            data-peakFile=\"https:\/\/rbmusic.pl\/wp-content\/uploads\/audio_peaks\/1366.peak\"\n            data-peakFile-allow=\"1\"\n            data-is-preview=\"\"\n            data-track-lyric=\"\" data-icecast_json=\"\" data-icecast_mount=\"\"><div class=\"sr-playlist-item-flex\"><span class=\"store-list\"><\/span><\/div><div class=\"srp_track_description\"><\/div><\/li><li \n            class=\"sr-playlist-item\" \n            data-audiopath=\"https:\/\/rbmusic.pl\/wp-content\/uploads\/2023\/03\/When-its-too-hot.mp3\"\n            data-showloading=\"1\"\n            data-albumTitle=\"Muzyka reklamowa\"\n            data-albumArt=\"https:\/\/rbmusic.pl\/wp-content\/uploads\/2023\/03\/RBMUSIC_LOGO_WAVE_NAVY_BLUE_BACKGROUND.jpg\"\n            data-releasedate=\"Tematy Reklamowe\"\n            data-date=\"2023\/03\/15\"\n            data-date-formated=\"15 marca, 2023\"\n            data-show-date=\"\"\n            data-trackTitle=\"When-its-too-hot\"\n            data-artist=\"\"\n            data-trackID=\"1368\"\n            data-trackTime=\"1:32\"\n            data-relatedTrack=\"\"\n            data-post-url=\"\"\n            data-post-id=\"1355\"\n            data-track-pos=\"2\"\n            data-peakFile=\"https:\/\/rbmusic.pl\/wp-content\/uploads\/audio_peaks\/1368.peak\"\n            data-peakFile-allow=\"1\"\n            data-is-preview=\"\"\n            data-track-lyric=\"\" data-icecast_json=\"\" data-icecast_mount=\"\"><div class=\"sr-playlist-item-flex\"><span class=\"store-list\"><\/span><\/div><div class=\"srp_track_description\"><\/div><\/li><li \n            class=\"sr-playlist-item\" \n            data-audiopath=\"https:\/\/rbmusic.pl\/wp-content\/uploads\/2023\/03\/When-you-smile.mp3\"\n            data-showloading=\"1\"\n            data-albumTitle=\"Muzyka reklamowa\"\n            data-albumArt=\"https:\/\/rbmusic.pl\/wp-content\/uploads\/2023\/03\/RBMUSIC_LOGO_WAVE_NAVY_BLUE_BACKGROUND.jpg\"\n            data-releasedate=\"Tematy Reklamowe\"\n            data-date=\"2023\/03\/15\"\n            data-date-formated=\"15 marca, 2023\"\n            data-show-date=\"\"\n            data-trackTitle=\"When-you-smile\"\n            data-artist=\"\"\n            data-trackID=\"1365\"\n            data-trackTime=\"0:31\"\n            data-relatedTrack=\"\"\n            data-post-url=\"\"\n            data-post-id=\"1355\"\n            data-track-pos=\"3\"\n            data-peakFile=\"https:\/\/rbmusic.pl\/wp-content\/uploads\/audio_peaks\/1365.peak\"\n            data-peakFile-allow=\"1\"\n            data-is-preview=\"\"\n            data-track-lyric=\"\" data-icecast_json=\"\" data-icecast_mount=\"\"><div class=\"sr-playlist-item-flex\"><span class=\"store-list\"><\/span><\/div><div class=\"srp_track_description\"><\/div><\/li><li \n            class=\"sr-playlist-item\" \n            data-audiopath=\"https:\/\/rbmusic.pl\/wp-content\/uploads\/2023\/03\/What-the-Clock.mp3\"\n            data-showloading=\"1\"\n            data-albumTitle=\"Muzyka reklamowa\"\n            data-albumArt=\"https:\/\/rbmusic.pl\/wp-content\/uploads\/2023\/03\/RBMUSIC_LOGO_WAVE_NAVY_BLUE_BACKGROUND.jpg\"\n            data-releasedate=\"Tematy Reklamowe\"\n            data-date=\"2023\/03\/15\"\n            data-date-formated=\"15 marca, 2023\"\n            data-show-date=\"\"\n            data-trackTitle=\"What-the-Clock\"\n            data-artist=\"\"\n            data-trackID=\"1364\"\n            data-trackTime=\"0:23\"\n            data-relatedTrack=\"\"\n            data-post-url=\"\"\n            data-post-id=\"1355\"\n            data-track-pos=\"4\"\n            data-peakFile=\"https:\/\/rbmusic.pl\/wp-content\/uploads\/audio_peaks\/1364.peak\"\n            data-peakFile-allow=\"1\"\n            data-is-preview=\"\"\n            data-track-lyric=\"\" data-icecast_json=\"\" data-icecast_mount=\"\"><div class=\"sr-playlist-item-flex\"><span class=\"store-list\"><\/span><\/div><div class=\"srp_track_description\"><\/div><\/li><li \n            class=\"sr-playlist-item\" \n            data-audiopath=\"https:\/\/rbmusic.pl\/wp-content\/uploads\/2023\/03\/Weed-cowboys.mp3\"\n            data-showloading=\"1\"\n            data-albumTitle=\"Muzyka reklamowa\"\n            data-albumArt=\"https:\/\/rbmusic.pl\/wp-content\/uploads\/2023\/03\/RBMUSIC_LOGO_WAVE_NAVY_BLUE_BACKGROUND.jpg\"\n            data-releasedate=\"Tematy Reklamowe\"\n            data-date=\"2023\/03\/15\"\n            data-date-formated=\"15 marca, 2023\"\n            data-show-date=\"\"\n            data-trackTitle=\"Weed-cowboys\"\n            data-artist=\"\"\n            data-trackID=\"1363\"\n            data-trackTime=\"0:31\"\n            data-relatedTrack=\"\"\n            data-post-url=\"\"\n            data-post-id=\"1355\"\n            data-track-pos=\"5\"\n            data-peakFile=\"https:\/\/rbmusic.pl\/wp-content\/uploads\/audio_peaks\/1363.peak\"\n            data-peakFile-allow=\"1\"\n            data-is-preview=\"\"\n            data-track-lyric=\"\" data-icecast_json=\"\" data-icecast_mount=\"\"><div class=\"sr-playlist-item-flex\"><span class=\"store-list\"><\/span><\/div><div class=\"srp_track_description\"><\/div><\/li><li \n            class=\"sr-playlist-item\" \n            data-audiopath=\"https:\/\/rbmusic.pl\/wp-content\/uploads\/2023\/03\/The-Mountain.mp3\"\n            data-showloading=\"1\"\n            data-albumTitle=\"Muzyka reklamowa\"\n            data-albumArt=\"https:\/\/rbmusic.pl\/wp-content\/uploads\/2023\/03\/RBMUSIC_LOGO_WAVE_NAVY_BLUE_BACKGROUND.jpg\"\n            data-releasedate=\"Tematy Reklamowe\"\n            data-date=\"2023\/03\/15\"\n            data-date-formated=\"15 marca, 2023\"\n            data-show-date=\"\"\n            data-trackTitle=\"The-Mountain\"\n            data-artist=\"\"\n            data-trackID=\"1362\"\n            data-trackTime=\"1:38\"\n            data-relatedTrack=\"\"\n            data-post-url=\"\"\n            data-post-id=\"1355\"\n            data-track-pos=\"6\"\n            data-peakFile=\"https:\/\/rbmusic.pl\/wp-content\/uploads\/audio_peaks\/1362.peak\"\n            data-peakFile-allow=\"1\"\n            data-is-preview=\"\"\n            data-track-lyric=\"\" data-icecast_json=\"\" data-icecast_mount=\"\"><div class=\"sr-playlist-item-flex\"><span class=\"store-list\"><\/span><\/div><div class=\"srp_track_description\"><\/div><\/li><li \n            class=\"sr-playlist-item\" \n            data-audiopath=\"https:\/\/rbmusic.pl\/wp-content\/uploads\/2023\/03\/Short-story-about-my-wife.mp3\"\n            data-showloading=\"1\"\n            data-albumTitle=\"Muzyka reklamowa\"\n            data-albumArt=\"https:\/\/rbmusic.pl\/wp-content\/uploads\/2023\/03\/RBMUSIC_LOGO_WAVE_NAVY_BLUE_BACKGROUND.jpg\"\n            data-releasedate=\"Tematy Reklamowe\"\n            data-date=\"2023\/03\/15\"\n            data-date-formated=\"15 marca, 2023\"\n            data-show-date=\"\"\n            data-trackTitle=\"Short-story-about-my-wife\"\n            data-artist=\"\"\n            data-trackID=\"1361\"\n            data-trackTime=\"0:31\"\n            data-relatedTrack=\"\"\n            data-post-url=\"\"\n            data-post-id=\"1355\"\n            data-track-pos=\"7\"\n            data-peakFile=\"https:\/\/rbmusic.pl\/wp-content\/uploads\/audio_peaks\/1361.peak\"\n            data-peakFile-allow=\"1\"\n            data-is-preview=\"\"\n            data-track-lyric=\"\" data-icecast_json=\"\" data-icecast_mount=\"\"><div class=\"sr-playlist-item-flex\"><span class=\"store-list\"><\/span><\/div><div class=\"srp_track_description\"><\/div><\/li><li \n            class=\"sr-playlist-item\" \n            data-audiopath=\"https:\/\/rbmusic.pl\/wp-content\/uploads\/2023\/03\/Put-your-mask-on.mp3\"\n            data-showloading=\"1\"\n            data-albumTitle=\"Muzyka reklamowa\"\n            data-albumArt=\"https:\/\/rbmusic.pl\/wp-content\/uploads\/2023\/03\/RBMUSIC_LOGO_WAVE_NAVY_BLUE_BACKGROUND.jpg\"\n            data-releasedate=\"Tematy Reklamowe\"\n            data-date=\"2023\/03\/15\"\n            data-date-formated=\"15 marca, 2023\"\n            data-show-date=\"\"\n            data-trackTitle=\"Put-your-mask-on\"\n            data-artist=\"\"\n            data-trackID=\"1360\"\n            data-trackTime=\"0:32\"\n            data-relatedTrack=\"\"\n            data-post-url=\"\"\n            data-post-id=\"1355\"\n            data-track-pos=\"8\"\n            data-peakFile=\"https:\/\/rbmusic.pl\/wp-content\/uploads\/audio_peaks\/1360.peak\"\n            data-peakFile-allow=\"1\"\n            data-is-preview=\"\"\n            data-track-lyric=\"\" data-icecast_json=\"\" data-icecast_mount=\"\"><div class=\"sr-playlist-item-flex\"><span class=\"store-list\"><\/span><\/div><div class=\"srp_track_description\"><\/div><\/li><li \n            class=\"sr-playlist-item\" \n            data-audiopath=\"https:\/\/rbmusic.pl\/wp-content\/uploads\/2023\/03\/Night-drive-with-you.mp3\"\n            data-showloading=\"1\"\n            data-albumTitle=\"Muzyka reklamowa\"\n            data-albumArt=\"https:\/\/rbmusic.pl\/wp-content\/uploads\/2023\/03\/RBMUSIC_LOGO_WAVE_NAVY_BLUE_BACKGROUND.jpg\"\n            data-releasedate=\"Tematy Reklamowe\"\n            data-date=\"2023\/03\/15\"\n            data-date-formated=\"15 marca, 2023\"\n            data-show-date=\"\"\n            data-trackTitle=\"Night-drive-with-you\"\n            data-artist=\"\"\n            data-trackID=\"1359\"\n            data-trackTime=\"1:00\"\n            data-relatedTrack=\"\"\n            data-post-url=\"\"\n            data-post-id=\"1355\"\n            data-track-pos=\"9\"\n            data-peakFile=\"https:\/\/rbmusic.pl\/wp-content\/uploads\/audio_peaks\/1359.peak\"\n            data-peakFile-allow=\"1\"\n            data-is-preview=\"\"\n            data-track-lyric=\"\" data-icecast_json=\"\" data-icecast_mount=\"\"><div class=\"sr-playlist-item-flex\"><span class=\"store-list\"><\/span><\/div><div class=\"srp_track_description\"><\/div><\/li><li \n            class=\"sr-playlist-item\" \n            data-audiopath=\"https:\/\/rbmusic.pl\/wp-content\/uploads\/2023\/03\/Just-the-smooth-melody.mp3\"\n            data-showloading=\"1\"\n            data-albumTitle=\"Muzyka reklamowa\"\n            data-albumArt=\"https:\/\/rbmusic.pl\/wp-content\/uploads\/2023\/03\/RBMUSIC_LOGO_WAVE_NAVY_BLUE_BACKGROUND.jpg\"\n            data-releasedate=\"Tematy Reklamowe\"\n            data-date=\"2023\/03\/15\"\n            data-date-formated=\"15 marca, 2023\"\n            data-show-date=\"\"\n            data-trackTitle=\"Just-the-smooth-melody\"\n            data-artist=\"\"\n            data-trackID=\"1358\"\n            data-trackTime=\"0:29\"\n            data-relatedTrack=\"\"\n            data-post-url=\"\"\n            data-post-id=\"1355\"\n            data-track-pos=\"10\"\n            data-peakFile=\"https:\/\/rbmusic.pl\/wp-content\/uploads\/audio_peaks\/1358.peak\"\n            data-peakFile-allow=\"1\"\n            data-is-preview=\"\"\n            data-track-lyric=\"\" data-icecast_json=\"\" data-icecast_mount=\"\"><div class=\"sr-playlist-item-flex\"><span class=\"store-list\"><\/span><\/div><div class=\"srp_track_description\"><\/div><\/li><li \n            class=\"sr-playlist-item\" \n            data-audiopath=\"https:\/\/rbmusic.pl\/wp-content\/uploads\/2023\/03\/Detective.mp3\"\n            data-showloading=\"1\"\n            data-albumTitle=\"Muzyka reklamowa\"\n            data-albumArt=\"https:\/\/rbmusic.pl\/wp-content\/uploads\/2023\/03\/RBMUSIC_LOGO_WAVE_NAVY_BLUE_BACKGROUND.jpg\"\n            data-releasedate=\"Tematy Reklamowe\"\n            data-date=\"2023\/03\/15\"\n            data-date-formated=\"15 marca, 2023\"\n            data-show-date=\"\"\n            data-trackTitle=\"Detective\"\n            data-artist=\"\"\n            data-trackID=\"1357\"\n            data-trackTime=\"0:29\"\n            data-relatedTrack=\"\"\n            data-post-url=\"\"\n            data-post-id=\"1355\"\n            data-track-pos=\"11\"\n            data-peakFile=\"https:\/\/rbmusic.pl\/wp-content\/uploads\/audio_peaks\/1357.peak\"\n            data-peakFile-allow=\"1\"\n            data-is-preview=\"\"\n            data-track-lyric=\"\" data-icecast_json=\"\" data-icecast_mount=\"\"><div class=\"sr-playlist-item-flex\"><span class=\"store-list\"><\/span><\/div><div class=\"srp_track_description\"><\/div><\/li><li \n            class=\"sr-playlist-item\" \n            data-audiopath=\"https:\/\/rbmusic.pl\/wp-content\/uploads\/2023\/03\/Clean-enough.mp3\"\n            data-showloading=\"1\"\n            data-albumTitle=\"Muzyka reklamowa\"\n            data-albumArt=\"https:\/\/rbmusic.pl\/wp-content\/uploads\/2023\/03\/RBMUSIC_LOGO_WAVE_NAVY_BLUE_BACKGROUND.jpg\"\n            data-releasedate=\"Tematy Reklamowe\"\n            data-date=\"2023\/03\/15\"\n            data-date-formated=\"15 marca, 2023\"\n            data-show-date=\"\"\n            data-trackTitle=\"Clean-enough\"\n            data-artist=\"\"\n            data-trackID=\"1356\"\n            data-trackTime=\"0:23\"\n            data-relatedTrack=\"\"\n            data-post-url=\"\"\n            data-post-id=\"1355\"\n            data-track-pos=\"12\"\n            data-peakFile=\"\"\n            data-peakFile-allow=\"1\"\n            data-is-preview=\"\"\n            data-track-lyric=\"\" data-icecast_json=\"\" data-icecast_mount=\"\"><div class=\"sr-playlist-item-flex\"><span class=\"store-list\"><\/span><\/div><div class=\"srp_track_description\"><\/div><\/li><\/ul><\/div><\/div><\/div><div class=\"album-player sr_waveform_mediaElement\"><div class=\"srp_miniplayer_metas\"><div class=\" srp_meta srp_meta_0 track-title\" data-prefix=\"\" aria-label=\"Track title\"><\/div><\/div> <div class=\"player \" ><div class=\"sr_progressbar\">\n                \n            <div class=\"currentTime\">00:00<\/div>\n         \n                <div id=\"arbitrary-instance-69fa3f38cccff-7b86554474-wave\" class=\"wave\" >\n                 \n        <div class=\"sonaar_fake_wave\" style=\"height:70px\"> \n            <audio src=\"\" class=\"sonaar_media_element\"><\/audio> \n            <div class=\"sonaar_wave_base\"> \n                <canvas id=\"sonaar_wave_base_canvas\" class=\"\" height=\"70\" width=\"2540\"><\/canvas> \n                <svg><\/svg> \n            <\/div> \n            <div class=\"sonaar_wave_cut\"> \n                <canvas id=\"sonaar_wave_cut_canvas\" class=\"\" height=\"70\" width=\"2540\"><\/canvas> \n                <svg><\/svg> \n            <\/div> \n        <\/div> \n                <\/div>\n                \n            <div class=\"totalTime\"><\/div>\n         \n             <\/div><div class=\"srp_main_control srp_oneColumn\"><div class=\"control\"><div role=\"button\" tabindex=\"0\" class=\"previous sricon-back\" style=\"opacity:0;\" aria-label=\"Previous Track\" title=\"\"><\/div><div role=\"button\" tabindex=\"0\" class=\"play\" style=\"opacity:0;\" aria-label=\"Play\" title=\"\">\n                <i class=\"sricon-play\"><\/i>\n            <\/div><div role=\"button\" tabindex=\"0\" class=\"next sricon-forward\" style=\"opacity:0;\" aria-label=\"Next Track\" title=\"\"><\/div><\/div><div class=\"control\"><\/div><\/div><\/div><\/div><div class=\"album-store\"><\/div><\/div><script id=\"srp_js_params_69fa3f38cccff\">\n        var srp_player_params_69fa3f38cccff = {\"title\":\"Muzyka reklamowa\",\"store_title_text\":\"\",\"albums\":\"1355\",\"hide_artwork\":\"false\",\"sticky_player\":0,\"show_album_market\":\"true\",\"show_track_market\":\"true\",\"hide_timeline\":\"true\",\"show_playlist\":\"true\",\"orderby\":\"date\",\"order\":\"DESC\",\"use_play_label_with_icon\":\"false\",\"main_settings\":\"||\"} \n        var srp_player_params_args_69fa3f38cccff = {\"before_widget\":\"<article id=\\\"arbitrary-instance-69fa3f38cccff\\\" class=\\\"iron_widget_radio playlist_enabled\\\">\",\"after_widget\":\"<\\\/article>\",\"before_title\":\"<span class='heading-t3'><\\\/span><h3 class=\\\"widgettitle\\\">\",\"after_title\":\"<\\\/h3>\",\"widget_id\":\"arbitrary-instance-69fa3f38cccff\"}  \n        <\/script><script>if(typeof setIronAudioplayers !== \"undefined\"){ setIronAudioplayers(\"arbitrary-instance-69fa3f38cccff\"); }<\/script><\/article><\/p>\t\t\t\t\t\t\t\t<\/div>\n\t\t\t\t<\/div>\n\t\t\t\t\t<\/div>\n\t\t<\/div>\n\t\t\t\t<div class=\"elementor-column elementor-col-50 elementor-inner-column elementor-element elementor-element-f28225b\" data-id=\"f28225b\" data-element_type=\"column\" data-e-type=\"column\" data-settings=\"{&quot;background_background&quot;:&quot;classic&quot;}\">\n\t\t\t<div class=\"elementor-widget-wrap elementor-element-populated\">\n\t\t\t\t\t\t<div class=\"elementor-element elementor-element-5388fa5 elementor-widget elementor-widget-heading\" data-id=\"5388fa5\" data-element_type=\"widget\" data-e-type=\"widget\" data-widget_type=\"heading.default\">\n\t\t\t\t<div class=\"elementor-widget-container\">\n\t\t\t\t\t<h2 class=\"elementor-heading-title elementor-size-default\">- Muzyka synchronizacyjna -<\/h2>\t\t\t\t<\/div>\n\t\t\t\t<\/div>\n\t\t\t\t<div class=\"elementor-element elementor-element-11985f6 elementor-widget elementor-widget-text-editor\" data-id=\"11985f6\" data-element_type=\"widget\" data-e-type=\"widget\" data-widget_type=\"text-editor.default\">\n\t\t\t\t<div class=\"elementor-widget-container\">\n\t\t\t\t\t\t\t\t\t<p>Muzyka reklamowa, muzyka filmowa, muzyka synchronizacyjna, muzyka pisana na zam\u00f3wienie oraz dost\u0119pna na zasadach licencyjnych. Oferta produkcji muzyki filmowej oraz muzyki reklamowej skierowana jest do dom\u00f3w produkcyjnych i re\u017cyser\u00f3w filmowych. Oferuj\u0119 muzyk\u0119 synchronizacyjn\u0105 szyta na miar\u0119, dostosowan\u0105 do indywidualnych potrzeb, przygotowan\u0105 idealnie pod d\u0142ugo\u015b\u0107 filmu, spotu, reklamy czy kampanii. Komponuje i produkuje utwory oraz tematy muzyczne brzmi\u0105ce zgodnie ze \u015bci\u015ble ustalonym i zam\u00f3wionym klimatem muzycznym.\u00a0<\/p>\t\t\t\t\t\t\t\t<\/div>\n\t\t\t\t<\/div>\n\t\t\t\t\t<\/div>\n\t\t<\/div>\n\t\t\t\t\t<\/div>\n\t\t<\/section>\n\t\t\t\t\t<\/div>\n\t\t<\/div>\n\t\t\t\t\t<\/div>\n\t\t<\/section>\n\t\t\t\t<\/div>\n\t\t","protected":false},"excerpt":{"rendered":"<p> [&hellip;]<\/p>\n","protected":false},"author":4,"featured_media":0,"parent":0,"menu_order":0,"comment_status":"closed","ping_status":"closed","template":"elementor_header_footer","meta":{"footnotes":""},"class_list":["post-1393","page","type-page","status-publish","hentry","clearfix"],"aioseo_notices":[],"_links":{"self":[{"href":"https:\/\/rbmusic.pl\/index.php?rest_route=\/wp\/v2\/pages\/1393","targetHints":{"allow":["GET"]}}],"collection":[{"href":"https:\/\/rbmusic.pl\/index.php?rest_route=\/wp\/v2\/pages"}],"about":[{"href":"https:\/\/rbmusic.pl\/index.php?rest_route=\/wp\/v2\/types\/page"}],"author":[{"embeddable":true,"href":"https:\/\/rbmusic.pl\/index.php?rest_route=\/wp\/v2\/users\/4"}],"replies":[{"embeddable":true,"href":"https:\/\/rbmusic.pl\/index.php?rest_route=%2Fwp%2Fv2%2Fcomments&post=1393"}],"version-history":[{"count":0,"href":"https:\/\/rbmusic.pl\/index.php?rest_route=\/wp\/v2\/pages\/1393\/revisions"}],"wp:attachment":[{"href":"https:\/\/rbmusic.pl\/index.php?rest_route=%2Fwp%2Fv2%2Fmedia&parent=1393"}],"curies":[{"name":"wp","href":"https:\/\/api.w.org\/{rel}","templated":true}]}}