{"id":298,"date":"2020-10-10T20:29:10","date_gmt":"2020-10-10T20:29:10","guid":{"rendered":"http:\/\/www.rbmusic.pl\/?page_id=298"},"modified":"2023-07-22T11:45:31","modified_gmt":"2023-07-22T11:45:31","slug":"o-mnie","status":"publish","type":"page","link":"https:\/\/rbmusic.pl\/?page_id=298","title":{"rendered":"O mnie"},"content":{"rendered":"\t\t<div data-elementor-type=\"wp-page\" data-elementor-id=\"298\" class=\"elementor elementor-298\">\n\t\t\t\t\t\t<section class=\"elementor-section elementor-top-section elementor-element elementor-element-7fd92e3 elementor-section-full_width elementor-section-height-min-height elementor-reverse-tablet elementor-reverse-mobile elementor-section-height-default elementor-section-items-middle\" data-id=\"7fd92e3\" data-element_type=\"section\" data-e-type=\"section\" data-settings=\"{&quot;background_background&quot;:&quot;classic&quot;}\">\n\t\t\t\t\t\t<div class=\"elementor-container elementor-column-gap-default\">\n\t\t\t\t\t<div class=\"elementor-column elementor-col-100 elementor-top-column elementor-element elementor-element-ec16177\" data-id=\"ec16177\" data-element_type=\"column\" data-e-type=\"column\">\n\t\t\t<div class=\"elementor-widget-wrap elementor-element-populated\">\n\t\t\t\t\t\t<section class=\"elementor-section elementor-inner-section elementor-element elementor-element-36c3714 elementor-section-full_width elementor-reverse-mobile elementor-section-height-default elementor-section-height-default\" data-id=\"36c3714\" data-element_type=\"section\" data-e-type=\"section\">\n\t\t\t\t\t\t<div class=\"elementor-container elementor-column-gap-default\">\n\t\t\t\t\t<div class=\"elementor-column elementor-col-50 elementor-inner-column elementor-element elementor-element-9b4ca4d\" data-id=\"9b4ca4d\" data-element_type=\"column\" data-e-type=\"column\">\n\t\t\t<div class=\"elementor-widget-wrap elementor-element-populated\">\n\t\t\t\t\t\t<div class=\"elementor-element elementor-element-f147073 elementor-widget elementor-widget-image\" data-id=\"f147073\" data-element_type=\"widget\" data-e-type=\"widget\" data-widget_type=\"image.default\">\n\t\t\t\t<div class=\"elementor-widget-container\">\n\t\t\t\t\t\t\t\t\t\t\t\t\t\t\t<img fetchpriority=\"high\" decoding=\"async\" width=\"640\" height=\"640\" src=\"https:\/\/rbmusic.pl\/wp-content\/uploads\/2023\/03\/RBmusic_COLOR_WAVE_TRANSPARENT-1.png\" class=\"attachment-large size-large wp-image-1235\" alt=\"\" srcset=\"https:\/\/rbmusic.pl\/wp-content\/uploads\/2023\/03\/RBmusic_COLOR_WAVE_TRANSPARENT-1.png 1000w, https:\/\/rbmusic.pl\/wp-content\/uploads\/2023\/03\/RBmusic_COLOR_WAVE_TRANSPARENT-1-300x300.png 300w, https:\/\/rbmusic.pl\/wp-content\/uploads\/2023\/03\/RBmusic_COLOR_WAVE_TRANSPARENT-1-150x150.png 150w, https:\/\/rbmusic.pl\/wp-content\/uploads\/2023\/03\/RBmusic_COLOR_WAVE_TRANSPARENT-1-768x768.png 768w, https:\/\/rbmusic.pl\/wp-content\/uploads\/2023\/03\/RBmusic_COLOR_WAVE_TRANSPARENT-1-700x700.png 700w, https:\/\/rbmusic.pl\/wp-content\/uploads\/2023\/03\/RBmusic_COLOR_WAVE_TRANSPARENT-1-520x520.png 520w, https:\/\/rbmusic.pl\/wp-content\/uploads\/2023\/03\/RBmusic_COLOR_WAVE_TRANSPARENT-1-360x360.png 360w, https:\/\/rbmusic.pl\/wp-content\/uploads\/2023\/03\/RBmusic_COLOR_WAVE_TRANSPARENT-1-250x250.png 250w, https:\/\/rbmusic.pl\/wp-content\/uploads\/2023\/03\/RBmusic_COLOR_WAVE_TRANSPARENT-1-100x100.png 100w\" sizes=\"(max-width: 640px) 100vw, 640px\" \/>\t\t\t\t\t\t\t\t\t\t\t\t\t\t\t<\/div>\n\t\t\t\t<\/div>\n\t\t\t\t\t<\/div>\n\t\t<\/div>\n\t\t\t\t<div class=\"elementor-column elementor-col-50 elementor-inner-column elementor-element elementor-element-ee4f2c6\" data-id=\"ee4f2c6\" data-element_type=\"column\" data-e-type=\"column\" data-settings=\"{&quot;background_background&quot;:&quot;classic&quot;}\">\n\t\t\t<div class=\"elementor-widget-wrap elementor-element-populated\">\n\t\t\t\t\t\t<div class=\"elementor-element elementor-element-1342659 elementor-widget elementor-widget-heading\" data-id=\"1342659\" data-element_type=\"widget\" data-e-type=\"widget\" data-widget_type=\"heading.default\">\n\t\t\t\t<div class=\"elementor-widget-container\">\n\t\t\t\t\t<h2 class=\"elementor-heading-title elementor-size-default\">- Produkcja muzyczna -<\/h2>\t\t\t\t<\/div>\n\t\t\t\t<\/div>\n\t\t\t\t<div class=\"elementor-element elementor-element-7ce2970 elementor-widget elementor-widget-text-editor\" data-id=\"7ce2970\" data-element_type=\"widget\" data-e-type=\"widget\" data-widget_type=\"text-editor.default\">\n\t\t\t\t<div class=\"elementor-widget-container\">\n\t\t\t\t\t\t\t\t\t<p>Produkcja muzyczna to zaj\u0119cie daj\u0105ce mi najwi\u0119cej satysfakcji podczas pracy z d\u017awi\u0119kiem. Proces powstawania utworu lub ca\u0142ego albumu rozpoczynaj\u0105cy si\u0119 od zera lub od prostej melodii wokalnej z kt\u00f3r\u0105 przychodzisz do mnie to przestrze\u0144 w kt\u00f3rej czuj\u0119 si\u0119 pewnie i swobodnie.\u00a0 Podczas kreowania brzmienia u\u017cywam sprz\u0119tu oraz instrument\u00f3w z obszernej kolekcji dost\u0119pnej w studio. Ci\u0105g\u0142e rozwijanie umi\u0119j\u0119tno\u015bci oraz poszerzanie wiedzy z zakresu harmonii, teorii muzyki, techniki gry, technik realizacji, miksu, masterinigu czy elektroniki studyjnej jest pretekstem do kreatywnego dzia\u0142ania.<\/p>\t\t\t\t\t\t\t\t<\/div>\n\t\t\t\t<\/div>\n\t\t\t\t\t<\/div>\n\t\t<\/div>\n\t\t\t\t\t<\/div>\n\t\t<\/section>\n\t\t\t\t\t<\/div>\n\t\t<\/div>\n\t\t\t\t\t<\/div>\n\t\t<\/section>\n\t\t\t\t<section class=\"elementor-section elementor-top-section elementor-element elementor-element-fc67af1 elementor-section-full_width elementor-section-height-min-height elementor-section-height-default elementor-section-items-middle\" data-id=\"fc67af1\" data-element_type=\"section\" data-e-type=\"section\" data-settings=\"{&quot;background_background&quot;:&quot;classic&quot;}\">\n\t\t\t\t\t\t<div class=\"elementor-container elementor-column-gap-default\">\n\t\t\t\t\t<div class=\"elementor-column elementor-col-100 elementor-top-column elementor-element elementor-element-471fefa\" data-id=\"471fefa\" data-element_type=\"column\" data-e-type=\"column\">\n\t\t\t<div class=\"elementor-widget-wrap elementor-element-populated\">\n\t\t\t\t\t\t<section class=\"elementor-section elementor-inner-section elementor-element elementor-element-e53076b elementor-section-full_width elementor-section-height-default elementor-section-height-default\" data-id=\"e53076b\" data-element_type=\"section\" data-e-type=\"section\">\n\t\t\t\t\t\t<div class=\"elementor-container elementor-column-gap-default\">\n\t\t\t\t\t<div class=\"elementor-column elementor-col-50 elementor-inner-column elementor-element elementor-element-e50a2c8\" data-id=\"e50a2c8\" data-element_type=\"column\" data-e-type=\"column\" data-settings=\"{&quot;background_background&quot;:&quot;classic&quot;}\">\n\t\t\t<div class=\"elementor-widget-wrap elementor-element-populated\">\n\t\t\t\t\t\t<div class=\"elementor-element elementor-element-9b44553 elementor-widget elementor-widget-heading\" data-id=\"9b44553\" data-element_type=\"widget\" data-e-type=\"widget\" data-widget_type=\"heading.default\">\n\t\t\t\t<div class=\"elementor-widget-container\">\n\t\t\t\t\t<h2 class=\"elementor-heading-title elementor-size-default\">- Wykonania Live -<\/h2>\t\t\t\t<\/div>\n\t\t\t\t<\/div>\n\t\t\t\t<div class=\"elementor-element elementor-element-945f49d elementor-widget elementor-widget-text-editor\" data-id=\"945f49d\" data-element_type=\"widget\" data-e-type=\"widget\" data-widget_type=\"text-editor.default\">\n\t\t\t\t<div class=\"elementor-widget-container\">\n\t\t\t\t\t\t\t\t\t<p>Jestem muzykiem aktywnym studyjnie oraz scenicznie. Wieloletnie do\u015bwiadczenie w pracy na scenie sprawia \u017ce czuj\u0119 si\u0119 na niej znakomicie i pewnie wykonuje swoje zadania. Podczas tras koncertowych szczeg\u00f3lne znaczenie ma dla mnie praca zespo\u0142owa, nie tylko w trakcie wyst\u0119pu scenicznego ale r\u00f3wnie\u017c przed i po nim. Swoje umiej\u0119tno\u015bci techniczne i producenckie wykorzystuje na pr\u00f3bach, podczas przygotowa\u0144 materia\u0142u do wykona\u0144 live. Nagrywam ka\u017cd\u0105 pr\u00f3b\u0119, realizuje ods\u0142uchy douszne dla pozosta\u0142ych muzyk\u00f3w, przygotowuje loopy koncertowe miksuj\u0105c je w warunkach studyjnych. Dzi\u0119ki temu mam pewno\u015b\u0107 \u017ce praca mojego zespo\u0142u zostanie wykonana na najwy\u017cszym poziomie, a realizator frontu b\u0119dzie mia\u0142 wysoki komfort pracy.<\/p>\t\t\t\t\t\t\t\t<\/div>\n\t\t\t\t<\/div>\n\t\t\t\t\t<\/div>\n\t\t<\/div>\n\t\t\t\t<div class=\"elementor-column elementor-col-50 elementor-inner-column elementor-element elementor-element-596260a\" data-id=\"596260a\" data-element_type=\"column\" data-e-type=\"column\">\n\t\t\t<div class=\"elementor-widget-wrap elementor-element-populated\">\n\t\t\t\t\t\t<div class=\"elementor-element elementor-element-7ffc0b6 elementor-widget elementor-widget-image\" data-id=\"7ffc0b6\" data-element_type=\"widget\" data-e-type=\"widget\" data-widget_type=\"image.default\">\n\t\t\t\t<div class=\"elementor-widget-container\">\n\t\t\t\t\t\t\t\t\t\t\t\t\t\t\t<img decoding=\"async\" width=\"640\" height=\"640\" src=\"https:\/\/rbmusic.pl\/wp-content\/uploads\/2019\/09\/39004864_908389549354486_4789568346758578176_n.jpg\" class=\"attachment-full size-full wp-image-213\" alt=\"\" srcset=\"https:\/\/rbmusic.pl\/wp-content\/uploads\/2019\/09\/39004864_908389549354486_4789568346758578176_n.jpg 640w, https:\/\/rbmusic.pl\/wp-content\/uploads\/2019\/09\/39004864_908389549354486_4789568346758578176_n-150x150.jpg 150w, https:\/\/rbmusic.pl\/wp-content\/uploads\/2019\/09\/39004864_908389549354486_4789568346758578176_n-300x300.jpg 300w, https:\/\/rbmusic.pl\/wp-content\/uploads\/2019\/09\/39004864_908389549354486_4789568346758578176_n-520x520.jpg 520w, https:\/\/rbmusic.pl\/wp-content\/uploads\/2019\/09\/39004864_908389549354486_4789568346758578176_n-360x360.jpg 360w, https:\/\/rbmusic.pl\/wp-content\/uploads\/2019\/09\/39004864_908389549354486_4789568346758578176_n-250x250.jpg 250w, https:\/\/rbmusic.pl\/wp-content\/uploads\/2019\/09\/39004864_908389549354486_4789568346758578176_n-100x100.jpg 100w\" sizes=\"(max-width: 640px) 100vw, 640px\" \/>\t\t\t\t\t\t\t\t\t\t\t\t\t\t\t<\/div>\n\t\t\t\t<\/div>\n\t\t\t\t\t<\/div>\n\t\t<\/div>\n\t\t\t\t\t<\/div>\n\t\t<\/section>\n\t\t\t\t\t<\/div>\n\t\t<\/div>\n\t\t\t\t\t<\/div>\n\t\t<\/section>\n\t\t\t\t<\/div>\n\t\t","protected":false},"excerpt":{"rendered":"<p> [&hellip;]<\/p>\n","protected":false},"author":4,"featured_media":239,"parent":0,"menu_order":0,"comment_status":"closed","ping_status":"closed","template":"elementor_header_footer","meta":{"footnotes":""},"class_list":["post-298","page","type-page","status-publish","has-post-thumbnail","hentry","clearfix"],"aioseo_notices":[],"_links":{"self":[{"href":"https:\/\/rbmusic.pl\/index.php?rest_route=\/wp\/v2\/pages\/298","targetHints":{"allow":["GET"]}}],"collection":[{"href":"https:\/\/rbmusic.pl\/index.php?rest_route=\/wp\/v2\/pages"}],"about":[{"href":"https:\/\/rbmusic.pl\/index.php?rest_route=\/wp\/v2\/types\/page"}],"author":[{"embeddable":true,"href":"https:\/\/rbmusic.pl\/index.php?rest_route=\/wp\/v2\/users\/4"}],"replies":[{"embeddable":true,"href":"https:\/\/rbmusic.pl\/index.php?rest_route=%2Fwp%2Fv2%2Fcomments&post=298"}],"version-history":[{"count":0,"href":"https:\/\/rbmusic.pl\/index.php?rest_route=\/wp\/v2\/pages\/298\/revisions"}],"wp:featuredmedia":[{"embeddable":true,"href":"https:\/\/rbmusic.pl\/index.php?rest_route=\/wp\/v2\/media\/239"}],"wp:attachment":[{"href":"https:\/\/rbmusic.pl\/index.php?rest_route=%2Fwp%2Fv2%2Fmedia&parent=298"}],"curies":[{"name":"wp","href":"https:\/\/api.w.org\/{rel}","templated":true}]}}